{"id":209,"date":"2017-09-13T09:41:45","date_gmt":"2017-09-13T06:41:45","guid":{"rendered":"http:\/\/pulver-krasosana.lv\/?page_id=209"},"modified":"2022-04-13T12:20:40","modified_gmt":"2022-04-13T09:20:40","slug":"pakalpojumi","status":"publish","type":"page","link":"https:\/\/pulver-krasosana.lv\/ru\/pakalpojumi\/","title":{"rendered":"\u0423\u0441\u043b\u0443\u0433\u0438"},"content":{"rendered":"<div id=\"pl-209\"  class=\"panel-layout\" ><div id=\"pg-209-0\"  class=\"panel-grid panel-no-style\" ><div id=\"pgc-209-0-0\"  class=\"panel-grid-cell\" ><div id=\"panel-209-0-0-0\" class=\"so-panel widget widget_the-automobile-intro-widget the_automobile_intro_widget panel-first-child panel-last-child\" data-index=\"0\" ><div id=\"pakalpojumi-widget\" class=\"panel-widget-style panel-widget-style-for-209-0-0-0\" >                                                    <!-- about Section -->\n            <div class=\"about-section about-upper pt-50 pb-50\">\n                <div class=\"container\">\n                    <div class=\"row\">\n                        <div class=\"col-lg-7 col-md-7 col-sm-12 col-xs-12\">\n                            <div class=\"section-title-block text-left section-title-block-2 mb-20 pb-40\">\n                                <h2 class=\"section-title\">\n                                    M\u0113s pied\u0101v\u0101jam                                <\/h2>\n                            <\/div>\n                            <p>\n                                                           <\/p>\n                        <\/div>\n                        <div class=\"col-lg-5 col-md-5 col-sm-12 col-xs-12 mt-70\">\n                            <figure class=\"image-box wow fadeInRight\" data-wow-duration=\"1s\">\n                                <a href=\"https:\/\/pulver-krasosana.lv\/ru\/pakalpojumi\/\" class=\"twp-figframe\">\n                                    <img src=\"https:\/\/pulver-krasosana.lv\/wp-content\/themes\/pulverkrasosana\/images\/no-image-medium.jpg\">\n                                    <div class=\"image-box-hover\">\n                                        <div class=\"hover-wrapper\">\n                                            <span class=\"ion-paper-airplane alt-textcolor\"><\/span>\n                                        <\/div>\n                                    <\/div>\n                                <\/a>\n                            <\/figure>\n                        <\/div>\n\n                        <div class=\"list-item-wrapper clearfix\">\n                                                                            <div class=\"item col-sm-4 mb-20 mt-20 wow fadeIn\" data-wow-delay=\"0.5s\">\n                                                    <div class=\"item-iconbox section-bg-1\" data-mh=\"col-group-about\">\n                                                        <div class=\"icon-image\">\n                                                            <span class='ion-ios-gear-outline secondary-textcolor'><\/span>\n                                                            <h3 class=\"block-title mt-10 mb-20\">M\u0435\u0442\u0430\u043b\u043b\u043e\u043e\u0431\u0440\u0430\u0431\u043e\u0442\u043a\u0430<\/h3>\n                                                        <\/div>\n\n                                                        <div class=\"content\">\n                                                            <p>\u0428\u0438\u0440\u043e\u043a\u0438\u0439 \u0441\u043f\u0435\u043a\u0442\u0440 \u0443\u0441\u043b\u0443\u0433 \u043f\u043e \u043c\u0435\u0442\u0430\u043b\u043b\u043e\u043e\u0431\u0440\u0430\u0431\u043e\u0442\u043a\u0435, \u0430 \u0442\u0430\u043a\u0436\u0435 \u0440\u044f\u0434 \u0432\u044b\u0441\u043e\u043a\u043e\u043a\u0430\u0447\u0435\u0441\u0442\u0432\u0435\u043d\u043d\u044b\u0445 \u0438 \u0432\u044b\u0441\u043e\u043a\u043e\u043f\u0440\u043e\u0438\u0437\u0432\u043e\u0434\u0438\u0442\u0435\u043b\u044c\u043d\u044b\u0445 \u0440\u0430\u0431\u043e\u0447\u0438\u0445 \u0442\u0430\u0431\u043b\u0438\u0446 \u043f\u043e\u0437\u0432\u043e\u043b\u044f\u044e\u0442 \u043d\u0430\u043c \u0437\u0430\u043a\u0430\u0437\u044b\u0432\u0430\u0442\u044c \u0437\u0430\u043a\u0430\u0437\u044b \u0432 \u0431\u043e\u043b\u044c\u0448\u0438\u0445 \u043e\u0431\u044a\u0435\u043c\u0430\u0445 \u0438 \u0432 \u043a\u043e\u0440\u043e\u0442\u043a\u0438\u0435 \u0441\u0440\u043e\u043a\u0438. \u0412<\/p>\n                                                            <a href=\"https:\/\/pulver-krasosana.lv\/ru\/metalapstrade\/\" class=\"learn-more btn twp-btn twp-btn-primary\">Vair\u0101k<i class=\"ion-ios-arrow-thin-right\"><\/i> <\/a>\n                                                        <\/div>\n                                                    <\/div>\n                                                <\/div>\n                                                                                            <div class=\"item col-sm-4 mb-20 mt-20 wow fadeIn\" data-wow-delay=\"1s\">\n                                                    <div class=\"item-iconbox section-bg-1\" data-mh=\"col-group-about\">\n                                                        <div class=\"icon-image\">\n                                                            <span class='ion-ios-albums secondary-textcolor'><\/span>\n                                                            <h3 class=\"block-title mt-10 mb-20\">\u041f\u043e\u0440\u043e\u0448\u043a\u043e\u0432\u0430\u044f \u043e\u043a\u0440\u0430\u0441\u043a\u0430<\/h3>\n                                                        <\/div>\n\n                                                        <div class=\"content\">\n                                                            <p>\u041c\u044b \u043f\u0440\u0435\u0434\u043b\u0430\u0433\u0430\u0435\u043c \u0423\u0441\u043b\u0443\u0433\u0438 \u043f\u043e \u041f\u043e\u0440\u043e\u0448\u043a\u043e\u0432\u043e\u0439 \u041f\u043e\u043a\u0440\u0430\u0441\u043a\u0435 \u041f\u043e\u0440\u043e\u0448\u043a\u043e\u0432\u0430\u044f \u043f\u043e\u043a\u0440\u0430\u0441\u043a\u0430 \u0438\u0437\u0434\u0435\u043b\u0438\u0439 \u0438 \u043c\u0435\u0442\u0430\u043b\u043b\u043e\u043a\u043e\u043d\u0441\u0442\u0440\u0443\u043a\u0446\u0438\u0439 \u0432 \u043b\u044e\u0431\u044b\u0435 \u0446\u0432\u0435\u0442\u0430 \u043f\u043e \u0448\u043a\u0430\u043b\u0435 RAL, \u0441 \u0438\u0441\u043f\u043e\u043b\u044c\u0437\u043e\u0432\u0430\u043d\u0438\u0435\u043c \u0442\u043e\u043b\u044c\u043a\u043e \u0432\u044b\u0441\u043e\u043a\u043e\u043a\u0430\u0447\u0435\u0441\u0442\u0432\u0435\u043d\u043d\u043e\u0439 \u043f\u043e\u0440\u043e\u0448\u043a\u043e\u0432\u043e\u0439 \u043a\u0440\u0430\u0441\u043a\u0438. \u041f\u043e\u043a\u0440\u0430\u0441\u043a\u0430 \u0438\u0437\u0434\u0435\u043b\u0438\u0439<\/p>\n                                                            <a href=\"https:\/\/pulver-krasosana.lv\/ru\/pulverkrasosana\/\" class=\"learn-more btn twp-btn twp-btn-primary\">Vair\u0101k<i class=\"ion-ios-arrow-thin-right\"><\/i> <\/a>\n                                                        <\/div>\n                                                    <\/div>\n                                                <\/div>\n                                                                                            <div class=\"item col-sm-4 mb-20 mt-20 wow fadeIn\" data-wow-delay=\"1.5s\">\n                                                    <div class=\"item-iconbox section-bg-1\" data-mh=\"col-group-about\">\n                                                        <div class=\"icon-image\">\n                                                            <span class='ion-ios-aperture secondary-textcolor'><\/span>\n                                                            <h3 class=\"block-title mt-10 mb-20\">\u041f\u0440\u043e\u0438\u0437\u0432\u043e\u0434\u0441\u0442\u0432\u043e<\/h3>\n                                                        <\/div>\n\n                                                        <div class=\"content\">\n                                                            <p>\u0418\u0437\u0432\u0438\u043d\u0438\u0442\u0435, \u044d\u0442\u043e\u0442 \u0442\u0435\u0445\u0442 \u0434\u043e\u0441\u0442\u0443\u043f\u0435\u043d \u0442\u043e\u043b\u044c\u043a\u043e \u0432 &ldquo;\u041b\u0430\u0442\u044b\u0448\u0441\u043a\u0438\u0439&rdquo;.<\/p>\n                                                            <a href=\"https:\/\/pulver-krasosana.lv\/ru\/razosana-2\/\" class=\"learn-more btn twp-btn twp-btn-primary\">Vair\u0101k<i class=\"ion-ios-arrow-thin-right\"><\/i> <\/a>\n                                                        <\/div>\n                                                    <\/div>\n                                                <\/div>\n                                                                        <\/div>\n\n                    <\/div>\n                <\/div>\n            <\/div>\n            <!-- made main page of intro section compulsory -->\n                        <\/div><\/div><\/div><\/div><\/div>","protected":false},"excerpt":{"rendered":"","protected":false},"author":1,"featured_media":0,"parent":0,"menu_order":0,"comment_status":"closed","ping_status":"closed","template":"","meta":[],"yoast_head":"<!-- This site is optimized with the Yoast SEO plugin v20.0 - https:\/\/yoast.com\/wordpress\/plugins\/seo\/ -->\n<title>\u0423\u0441\u043b\u0443\u0433\u0438 - Pulverkraso\u0161ana<\/title>\n<meta name=\"robots\" content=\"index, follow, max-snippet:-1, max-image-preview:large, max-video-preview:-1\" \/>\n<link rel=\"canonical\" href=\"https:\/\/pulver-krasosana.lv\/pakalpojumi\/\" \/>\n<meta property=\"og:locale\" content=\"ru_RU\" \/>\n<meta property=\"og:type\" content=\"article\" \/>\n<meta property=\"og:title\" content=\"[:lv]Pakalpojumi[:ru]\u0423\u0441\u043b\u0443\u0433\u0438[:en]Services[:da]Services[:] - Pulverkraso\u0161ana\" \/>\n<meta property=\"og:url\" content=\"https:\/\/pulver-krasosana.lv\/pakalpojumi\/\" \/>\n<meta property=\"og:site_name\" content=\"Pulverkraso\u0161ana\" \/>\n<meta property=\"article:modified_time\" content=\"2022-04-13T09:20:40+00:00\" \/>\n<meta name=\"twitter:card\" content=\"summary_large_image\" \/>\n<script type=\"application\/ld+json\" class=\"yoast-schema-graph\">{\"@context\":\"https:\/\/schema.org\",\"@graph\":[{\"@type\":\"WebPage\",\"@id\":\"https:\/\/pulver-krasosana.lv\/pakalpojumi\/\",\"url\":\"https:\/\/pulver-krasosana.lv\/pakalpojumi\/\",\"name\":\"[:lv]Pakalpojumi[:ru]\u0423\u0441\u043b\u0443\u0433\u0438[:en]Services[:da]Services[:] - Pulverkraso\u0161ana\",\"isPartOf\":{\"@id\":\"https:\/\/pulver-krasosana.lv\/#website\"},\"datePublished\":\"2017-09-13T06:41:45+00:00\",\"dateModified\":\"2022-04-13T09:20:40+00:00\",\"breadcrumb\":{\"@id\":\"https:\/\/pulver-krasosana.lv\/pakalpojumi\/#breadcrumb\"},\"inLanguage\":\"ru-RU\",\"potentialAction\":[{\"@type\":\"ReadAction\",\"target\":[\"https:\/\/pulver-krasosana.lv\/pakalpojumi\/\"]}]},{\"@type\":\"BreadcrumbList\",\"@id\":\"https:\/\/pulver-krasosana.lv\/pakalpojumi\/#breadcrumb\",\"itemListElement\":[{\"@type\":\"ListItem\",\"position\":1,\"name\":\"Home\",\"item\":\"https:\/\/pulver-krasosana.lv\/\"},{\"@type\":\"ListItem\",\"position\":2,\"name\":\"Pakalpojumi\"}]},{\"@type\":\"WebSite\",\"@id\":\"https:\/\/pulver-krasosana.lv\/#website\",\"url\":\"https:\/\/pulver-krasosana.lv\/\",\"name\":\"Pulverkraso\u0161ana\",\"description\":\"www.pulver-krasosana.lv\",\"publisher\":{\"@id\":\"https:\/\/pulver-krasosana.lv\/#organization\"},\"potentialAction\":[{\"@type\":\"SearchAction\",\"target\":{\"@type\":\"EntryPoint\",\"urlTemplate\":\"https:\/\/pulver-krasosana.lv\/?s={search_term_string}\"},\"query-input\":\"required name=search_term_string\"}],\"inLanguage\":\"ru-RU\"},{\"@type\":\"Organization\",\"@id\":\"https:\/\/pulver-krasosana.lv\/#organization\",\"name\":\"Marko Met\u0101ls\",\"url\":\"https:\/\/pulver-krasosana.lv\/\",\"logo\":{\"@type\":\"ImageObject\",\"inLanguage\":\"ru-RU\",\"@id\":\"https:\/\/pulver-krasosana.lv\/#\/schema\/logo\/image\/\",\"url\":\"https:\/\/pulver-krasosana.lv\/wp-content\/uploads\/2022\/03\/cropped-android-chrome-256x256-1.png\",\"contentUrl\":\"https:\/\/pulver-krasosana.lv\/wp-content\/uploads\/2022\/03\/cropped-android-chrome-256x256-1.png\",\"width\":512,\"height\":512,\"caption\":\"Marko Met\u0101ls\"},\"image\":{\"@id\":\"https:\/\/pulver-krasosana.lv\/#\/schema\/logo\/image\/\"}}]}<\/script>\n<!-- \/ Yoast SEO plugin. -->","yoast_head_json":{"title":"[:lv]Pakalpojumi[:ru]\u0423\u0441\u043b\u0443\u0433\u0438[:en]Services[:da]Services[:] - Pulverkraso\u0161ana","robots":{"index":"index","follow":"follow","max-snippet":"max-snippet:-1","max-image-preview":"max-image-preview:large","max-video-preview":"max-video-preview:-1"},"canonical":"https:\/\/pulver-krasosana.lv\/pakalpojumi\/","og_locale":"ru_RU","og_type":"article","og_title":"[:lv]Pakalpojumi[:ru]\u0423\u0441\u043b\u0443\u0433\u0438[:en]Services[:da]Services[:] - Pulverkraso\u0161ana","og_url":"https:\/\/pulver-krasosana.lv\/pakalpojumi\/","og_site_name":"Pulverkraso\u0161ana","article_modified_time":"2022-04-13T09:20:40+00:00","twitter_card":"summary_large_image","schema":{"@context":"https:\/\/schema.org","@graph":[{"@type":"WebPage","@id":"https:\/\/pulver-krasosana.lv\/pakalpojumi\/","url":"https:\/\/pulver-krasosana.lv\/pakalpojumi\/","name":"[:lv]Pakalpojumi[:ru]\u0423\u0441\u043b\u0443\u0433\u0438[:en]Services[:da]Services[:] - Pulverkraso\u0161ana","isPartOf":{"@id":"https:\/\/pulver-krasosana.lv\/#website"},"datePublished":"2017-09-13T06:41:45+00:00","dateModified":"2022-04-13T09:20:40+00:00","breadcrumb":{"@id":"https:\/\/pulver-krasosana.lv\/pakalpojumi\/#breadcrumb"},"inLanguage":"ru-RU","potentialAction":[{"@type":"ReadAction","target":["https:\/\/pulver-krasosana.lv\/pakalpojumi\/"]}]},{"@type":"BreadcrumbList","@id":"https:\/\/pulver-krasosana.lv\/pakalpojumi\/#breadcrumb","itemListElement":[{"@type":"ListItem","position":1,"name":"Home","item":"https:\/\/pulver-krasosana.lv\/"},{"@type":"ListItem","position":2,"name":"Pakalpojumi"}]},{"@type":"WebSite","@id":"https:\/\/pulver-krasosana.lv\/#website","url":"https:\/\/pulver-krasosana.lv\/","name":"Pulverkraso\u0161ana","description":"www.pulver-krasosana.lv","publisher":{"@id":"https:\/\/pulver-krasosana.lv\/#organization"},"potentialAction":[{"@type":"SearchAction","target":{"@type":"EntryPoint","urlTemplate":"https:\/\/pulver-krasosana.lv\/?s={search_term_string}"},"query-input":"required name=search_term_string"}],"inLanguage":"ru-RU"},{"@type":"Organization","@id":"https:\/\/pulver-krasosana.lv\/#organization","name":"Marko Met\u0101ls","url":"https:\/\/pulver-krasosana.lv\/","logo":{"@type":"ImageObject","inLanguage":"ru-RU","@id":"https:\/\/pulver-krasosana.lv\/#\/schema\/logo\/image\/","url":"https:\/\/pulver-krasosana.lv\/wp-content\/uploads\/2022\/03\/cropped-android-chrome-256x256-1.png","contentUrl":"https:\/\/pulver-krasosana.lv\/wp-content\/uploads\/2022\/03\/cropped-android-chrome-256x256-1.png","width":512,"height":512,"caption":"Marko Met\u0101ls"},"image":{"@id":"https:\/\/pulver-krasosana.lv\/#\/schema\/logo\/image\/"}}]}},"_links":{"self":[{"href":"https:\/\/pulver-krasosana.lv\/ru\/wp-json\/wp\/v2\/pages\/209"}],"collection":[{"href":"https:\/\/pulver-krasosana.lv\/ru\/wp-json\/wp\/v2\/pages"}],"about":[{"href":"https:\/\/pulver-krasosana.lv\/ru\/wp-json\/wp\/v2\/types\/page"}],"author":[{"embeddable":true,"href":"https:\/\/pulver-krasosana.lv\/ru\/wp-json\/wp\/v2\/users\/1"}],"replies":[{"embeddable":true,"href":"https:\/\/pulver-krasosana.lv\/ru\/wp-json\/wp\/v2\/comments?post=209"}],"version-history":[{"count":13,"href":"https:\/\/pulver-krasosana.lv\/ru\/wp-json\/wp\/v2\/pages\/209\/revisions"}],"predecessor-version":[{"id":561,"href":"https:\/\/pulver-krasosana.lv\/ru\/wp-json\/wp\/v2\/pages\/209\/revisions\/561"}],"wp:attachment":[{"href":"https:\/\/pulver-krasosana.lv\/ru\/wp-json\/wp\/v2\/media?parent=209"}],"curies":[{"name":"wp","href":"https:\/\/api.w.org\/{rel}","templated":true}]}}