{"id":588,"date":"2023-01-23T14:34:20","date_gmt":"2023-01-23T12:34:20","guid":{"rendered":"https:\/\/pulver-krasosana.lv\/?page_id=588"},"modified":"2023-01-23T15:52:36","modified_gmt":"2023-01-23T13:52:36","slug":"metala-locisana","status":"publish","type":"page","link":"https:\/\/pulver-krasosana.lv\/en\/metala-locisana\/","title":{"rendered":"(Latvie\u0161u) Met\u0101la Loc\u012b\u0161ana"},"content":{"rendered":"<p class=\"qtranxs-available-languages-message qtranxs-available-languages-message-en\">Sorry, this entry is only available in <a href=\"https:\/\/pulver-krasosana.lv\/lv\/wp-json\/wp\/v2\/pages\/588\" class=\"qtranxs-available-language-link qtranxs-available-language-link-lv\" title=\"Latvie\u0161u\">Latvian<\/a>.<\/p>","protected":false},"excerpt":{"rendered":"<p>Sorry, this entry is only available in Latvian.<\/p>\n","protected":false},"author":3,"featured_media":591,"parent":0,"menu_order":0,"comment_status":"closed","ping_status":"closed","template":"","meta":[],"yoast_head":"<!-- This site is optimized with the Yoast SEO plugin v20.0 - https:\/\/yoast.com\/wordpress\/plugins\/seo\/ -->\n<title>Met\u0101la Loc\u012b\u0161ana - Pulver-Kraso\u0161ana<\/title>\n<meta name=\"description\" content=\"Pla\u0161u met\u0101la loc\u012b\u0161anas pakalpojumu kl\u0101sts. Jaun\u0101kais apr\u012bkojums un kvalific\u0113ti speci\u0101listi. Met\u0101la Loc\u012b\u0161ana - BD Group\" \/>\n<meta name=\"robots\" content=\"index, follow, max-snippet:-1, max-image-preview:large, max-video-preview:-1\" \/>\n<link rel=\"canonical\" href=\"https:\/\/pulver-krasosana.lv\/metala-locisana\/\" \/>\n<meta property=\"og:locale\" content=\"en_US\" \/>\n<meta property=\"og:type\" content=\"article\" \/>\n<meta property=\"og:title\" content=\"Met\u0101la Loc\u012b\u0161ana - Pulver-Kraso\u0161ana\" \/>\n<meta property=\"og:description\" content=\"Pla\u0161u met\u0101la loc\u012b\u0161anas pakalpojumu kl\u0101sts. Jaun\u0101kais apr\u012bkojums un kvalific\u0113ti speci\u0101listi. Met\u0101la Loc\u012b\u0161ana - BD Group\" \/>\n<meta property=\"og:url\" content=\"https:\/\/pulver-krasosana.lv\/metala-locisana\/\" \/>\n<meta property=\"og:site_name\" content=\"Pulverkraso\u0161ana\" \/>\n<meta property=\"article:modified_time\" content=\"2023-01-23T13:52:36+00:00\" \/>\n<meta property=\"og:image\" content=\"https:\/\/pulver-krasosana.lv\/wp-content\/uploads\/2023\/01\/Meta\u0304la-Loci\u0304s\u030cana.jpeg\" \/>\n\t<meta property=\"og:image:width\" content=\"810\" \/>\n\t<meta property=\"og:image:height\" content=\"500\" \/>\n\t<meta property=\"og:image:type\" content=\"image\/jpeg\" \/>\n<meta name=\"twitter:card\" content=\"summary_large_image\" \/>\n<meta name=\"twitter:label1\" content=\"Est. reading time\" \/>\n\t<meta name=\"twitter:data1\" content=\"1 minute\" \/>\n<script type=\"application\/ld+json\" class=\"yoast-schema-graph\">{\"@context\":\"https:\/\/schema.org\",\"@graph\":[{\"@type\":\"WebPage\",\"@id\":\"https:\/\/pulver-krasosana.lv\/metala-locisana\/\",\"url\":\"https:\/\/pulver-krasosana.lv\/metala-locisana\/\",\"name\":\"Met\u0101la Loc\u012b\u0161ana - Pulver-Kraso\u0161ana\",\"isPartOf\":{\"@id\":\"https:\/\/pulver-krasosana.lv\/#website\"},\"datePublished\":\"2023-01-23T12:34:20+00:00\",\"dateModified\":\"2023-01-23T13:52:36+00:00\",\"description\":\"Pla\u0161u met\u0101la loc\u012b\u0161anas pakalpojumu kl\u0101sts. Jaun\u0101kais apr\u012bkojums un kvalific\u0113ti speci\u0101listi. Met\u0101la Loc\u012b\u0161ana - BD Group\",\"breadcrumb\":{\"@id\":\"https:\/\/pulver-krasosana.lv\/metala-locisana\/#breadcrumb\"},\"inLanguage\":\"en-US\",\"potentialAction\":[{\"@type\":\"ReadAction\",\"target\":[\"https:\/\/pulver-krasosana.lv\/metala-locisana\/\"]}]},{\"@type\":\"BreadcrumbList\",\"@id\":\"https:\/\/pulver-krasosana.lv\/metala-locisana\/#breadcrumb\",\"itemListElement\":[{\"@type\":\"ListItem\",\"position\":1,\"name\":\"Home\",\"item\":\"https:\/\/pulver-krasosana.lv\/\"},{\"@type\":\"ListItem\",\"position\":2,\"name\":\"Met\u0101la Loc\u012b\u0161ana\"}]},{\"@type\":\"WebSite\",\"@id\":\"https:\/\/pulver-krasosana.lv\/#website\",\"url\":\"https:\/\/pulver-krasosana.lv\/\",\"name\":\"Pulverkraso\u0161ana\",\"description\":\"www.pulver-krasosana.lv\",\"publisher\":{\"@id\":\"https:\/\/pulver-krasosana.lv\/#organization\"},\"potentialAction\":[{\"@type\":\"SearchAction\",\"target\":{\"@type\":\"EntryPoint\",\"urlTemplate\":\"https:\/\/pulver-krasosana.lv\/?s={search_term_string}\"},\"query-input\":\"required name=search_term_string\"}],\"inLanguage\":\"en-US\"},{\"@type\":\"Organization\",\"@id\":\"https:\/\/pulver-krasosana.lv\/#organization\",\"name\":\"Marko Met\u0101ls\",\"url\":\"https:\/\/pulver-krasosana.lv\/\",\"logo\":{\"@type\":\"ImageObject\",\"inLanguage\":\"en-US\",\"@id\":\"https:\/\/pulver-krasosana.lv\/#\/schema\/logo\/image\/\",\"url\":\"https:\/\/pulver-krasosana.lv\/wp-content\/uploads\/2022\/03\/cropped-android-chrome-256x256-1.png\",\"contentUrl\":\"https:\/\/pulver-krasosana.lv\/wp-content\/uploads\/2022\/03\/cropped-android-chrome-256x256-1.png\",\"width\":512,\"height\":512,\"caption\":\"Marko Met\u0101ls\"},\"image\":{\"@id\":\"https:\/\/pulver-krasosana.lv\/#\/schema\/logo\/image\/\"}}]}<\/script>\n<!-- \/ Yoast SEO plugin. -->","yoast_head_json":{"title":"Met\u0101la Loc\u012b\u0161ana - Pulver-Kraso\u0161ana","description":"Pla\u0161u met\u0101la loc\u012b\u0161anas pakalpojumu kl\u0101sts. Jaun\u0101kais apr\u012bkojums un kvalific\u0113ti speci\u0101listi. Met\u0101la Loc\u012b\u0161ana - BD Group","robots":{"index":"index","follow":"follow","max-snippet":"max-snippet:-1","max-image-preview":"max-image-preview:large","max-video-preview":"max-video-preview:-1"},"canonical":"https:\/\/pulver-krasosana.lv\/metala-locisana\/","og_locale":"en_US","og_type":"article","og_title":"Met\u0101la Loc\u012b\u0161ana - Pulver-Kraso\u0161ana","og_description":"Pla\u0161u met\u0101la loc\u012b\u0161anas pakalpojumu kl\u0101sts. Jaun\u0101kais apr\u012bkojums un kvalific\u0113ti speci\u0101listi. Met\u0101la Loc\u012b\u0161ana - BD Group","og_url":"https:\/\/pulver-krasosana.lv\/metala-locisana\/","og_site_name":"Pulverkraso\u0161ana","article_modified_time":"2023-01-23T13:52:36+00:00","og_image":[{"width":810,"height":500,"url":"https:\/\/pulver-krasosana.lv\/wp-content\/uploads\/2023\/01\/Meta\u0304la-Loci\u0304s\u030cana.jpeg","type":"image\/jpeg"}],"twitter_card":"summary_large_image","twitter_misc":{"Est. reading time":"1 minute"},"schema":{"@context":"https:\/\/schema.org","@graph":[{"@type":"WebPage","@id":"https:\/\/pulver-krasosana.lv\/metala-locisana\/","url":"https:\/\/pulver-krasosana.lv\/metala-locisana\/","name":"Met\u0101la Loc\u012b\u0161ana - Pulver-Kraso\u0161ana","isPartOf":{"@id":"https:\/\/pulver-krasosana.lv\/#website"},"datePublished":"2023-01-23T12:34:20+00:00","dateModified":"2023-01-23T13:52:36+00:00","description":"Pla\u0161u met\u0101la loc\u012b\u0161anas pakalpojumu kl\u0101sts. Jaun\u0101kais apr\u012bkojums un kvalific\u0113ti speci\u0101listi. Met\u0101la Loc\u012b\u0161ana - BD Group","breadcrumb":{"@id":"https:\/\/pulver-krasosana.lv\/metala-locisana\/#breadcrumb"},"inLanguage":"en-US","potentialAction":[{"@type":"ReadAction","target":["https:\/\/pulver-krasosana.lv\/metala-locisana\/"]}]},{"@type":"BreadcrumbList","@id":"https:\/\/pulver-krasosana.lv\/metala-locisana\/#breadcrumb","itemListElement":[{"@type":"ListItem","position":1,"name":"Home","item":"https:\/\/pulver-krasosana.lv\/"},{"@type":"ListItem","position":2,"name":"Met\u0101la Loc\u012b\u0161ana"}]},{"@type":"WebSite","@id":"https:\/\/pulver-krasosana.lv\/#website","url":"https:\/\/pulver-krasosana.lv\/","name":"Pulverkraso\u0161ana","description":"www.pulver-krasosana.lv","publisher":{"@id":"https:\/\/pulver-krasosana.lv\/#organization"},"potentialAction":[{"@type":"SearchAction","target":{"@type":"EntryPoint","urlTemplate":"https:\/\/pulver-krasosana.lv\/?s={search_term_string}"},"query-input":"required name=search_term_string"}],"inLanguage":"en-US"},{"@type":"Organization","@id":"https:\/\/pulver-krasosana.lv\/#organization","name":"Marko Met\u0101ls","url":"https:\/\/pulver-krasosana.lv\/","logo":{"@type":"ImageObject","inLanguage":"en-US","@id":"https:\/\/pulver-krasosana.lv\/#\/schema\/logo\/image\/","url":"https:\/\/pulver-krasosana.lv\/wp-content\/uploads\/2022\/03\/cropped-android-chrome-256x256-1.png","contentUrl":"https:\/\/pulver-krasosana.lv\/wp-content\/uploads\/2022\/03\/cropped-android-chrome-256x256-1.png","width":512,"height":512,"caption":"Marko Met\u0101ls"},"image":{"@id":"https:\/\/pulver-krasosana.lv\/#\/schema\/logo\/image\/"}}]}},"_links":{"self":[{"href":"https:\/\/pulver-krasosana.lv\/en\/wp-json\/wp\/v2\/pages\/588"}],"collection":[{"href":"https:\/\/pulver-krasosana.lv\/en\/wp-json\/wp\/v2\/pages"}],"about":[{"href":"https:\/\/pulver-krasosana.lv\/en\/wp-json\/wp\/v2\/types\/page"}],"author":[{"embeddable":true,"href":"https:\/\/pulver-krasosana.lv\/en\/wp-json\/wp\/v2\/users\/3"}],"replies":[{"embeddable":true,"href":"https:\/\/pulver-krasosana.lv\/en\/wp-json\/wp\/v2\/comments?post=588"}],"version-history":[{"count":4,"href":"https:\/\/pulver-krasosana.lv\/en\/wp-json\/wp\/v2\/pages\/588\/revisions"}],"predecessor-version":[{"id":594,"href":"https:\/\/pulver-krasosana.lv\/en\/wp-json\/wp\/v2\/pages\/588\/revisions\/594"}],"wp:featuredmedia":[{"embeddable":true,"href":"https:\/\/pulver-krasosana.lv\/en\/wp-json\/wp\/v2\/media\/591"}],"wp:attachment":[{"href":"https:\/\/pulver-krasosana.lv\/en\/wp-json\/wp\/v2\/media?parent=588"}],"curies":[{"name":"wp","href":"https:\/\/api.w.org\/{rel}","templated":true}]}}