{"id":209,"date":"2017-09-13T09:41:45","date_gmt":"2017-09-13T06:41:45","guid":{"rendered":"http:\/\/pulver-krasosana.lv\/?page_id=209"},"modified":"2022-04-13T12:20:40","modified_gmt":"2022-04-13T09:20:40","slug":"pakalpojumi","status":"publish","type":"page","link":"https:\/\/pulver-krasosana.lv\/en\/pakalpojumi\/","title":{"rendered":"Services"},"content":{"rendered":"<div id=\"pl-209\"  class=\"panel-layout\" ><div id=\"pg-209-0\"  class=\"panel-grid panel-no-style\" ><div id=\"pgc-209-0-0\"  class=\"panel-grid-cell\" ><div id=\"panel-209-0-0-0\" class=\"so-panel widget widget_the-automobile-intro-widget the_automobile_intro_widget panel-first-child panel-last-child\" data-index=\"0\" ><div id=\"pakalpojumi-widget\" class=\"panel-widget-style panel-widget-style-for-209-0-0-0\" >                                                    <!-- about Section -->\n            <div class=\"about-section about-upper pt-50 pb-50\">\n                <div class=\"container\">\n                    <div class=\"row\">\n                        <div class=\"col-lg-7 col-md-7 col-sm-12 col-xs-12\">\n                            <div class=\"section-title-block text-left section-title-block-2 mb-20 pb-40\">\n                                <h2 class=\"section-title\">\n                                    M\u0113s pied\u0101v\u0101jam                                <\/h2>\n                            <\/div>\n                            <p>\n                                                           <\/p>\n                        <\/div>\n                        <div class=\"col-lg-5 col-md-5 col-sm-12 col-xs-12 mt-70\">\n                            <figure class=\"image-box wow fadeInRight\" data-wow-duration=\"1s\">\n                                <a href=\"https:\/\/pulver-krasosana.lv\/en\/pakalpojumi\/\" class=\"twp-figframe\">\n                                    <img src=\"https:\/\/pulver-krasosana.lv\/wp-content\/themes\/pulverkrasosana\/images\/no-image-medium.jpg\">\n                                    <div class=\"image-box-hover\">\n                                        <div class=\"hover-wrapper\">\n                                            <span class=\"ion-paper-airplane alt-textcolor\"><\/span>\n                                        <\/div>\n                                    <\/div>\n                                <\/a>\n                            <\/figure>\n                        <\/div>\n\n                        <div class=\"list-item-wrapper clearfix\">\n                                                                            <div class=\"item col-sm-4 mb-20 mt-20 wow fadeIn\" data-wow-delay=\"0.5s\">\n                                                    <div class=\"item-iconbox section-bg-1\" data-mh=\"col-group-about\">\n                                                        <div class=\"icon-image\">\n                                                            <span class='ion-ios-gear-outline secondary-textcolor'><\/span>\n                                                            <h3 class=\"block-title mt-10 mb-20\">Metalworking<\/h3>\n                                                        <\/div>\n\n                                                        <div class=\"content\">\n                                                            <p>A wide range of metalworking services, along with a number of high-quality and high-performance work tables, allows us to order orders in large volumes and<\/p>\n                                                            <a href=\"https:\/\/pulver-krasosana.lv\/en\/metalapstrade\/\" class=\"learn-more btn twp-btn twp-btn-primary\">Vair\u0101k<i class=\"ion-ios-arrow-thin-right\"><\/i> <\/a>\n                                                        <\/div>\n                                                    <\/div>\n                                                <\/div>\n                                                                                            <div class=\"item col-sm-4 mb-20 mt-20 wow fadeIn\" data-wow-delay=\"1s\">\n                                                    <div class=\"item-iconbox section-bg-1\" data-mh=\"col-group-about\">\n                                                        <div class=\"icon-image\">\n                                                            <span class='ion-ios-albums secondary-textcolor'><\/span>\n                                                            <h3 class=\"block-title mt-10 mb-20\">Powder painting<\/h3>\n                                                        <\/div>\n\n                                                        <div class=\"content\">\n                                                            <p>Sorry, this entry is only available in Latvian and Russian.<\/p>\n                                                            <a href=\"https:\/\/pulver-krasosana.lv\/en\/pulverkrasosana\/\" class=\"learn-more btn twp-btn twp-btn-primary\">Vair\u0101k<i class=\"ion-ios-arrow-thin-right\"><\/i> <\/a>\n                                                        <\/div>\n                                                    <\/div>\n                                                <\/div>\n                                                                                            <div class=\"item col-sm-4 mb-20 mt-20 wow fadeIn\" data-wow-delay=\"1.5s\">\n                                                    <div class=\"item-iconbox section-bg-1\" data-mh=\"col-group-about\">\n                                                        <div class=\"icon-image\">\n                                                            <span class='ion-ios-aperture secondary-textcolor'><\/span>\n                                                            <h3 class=\"block-title mt-10 mb-20\">Manufacturing<\/h3>\n                                                        <\/div>\n\n                                                        <div class=\"content\">\n                                                            <p>Sorry, this entry is only available in Latvian.<\/p>\n                                                            <a href=\"https:\/\/pulver-krasosana.lv\/en\/razosana-2\/\" class=\"learn-more btn twp-btn twp-btn-primary\">Vair\u0101k<i class=\"ion-ios-arrow-thin-right\"><\/i> <\/a>\n                                                        <\/div>\n                                                    <\/div>\n                                                <\/div>\n                                                                        <\/div>\n\n                    <\/div>\n                <\/div>\n            <\/div>\n            <!-- made main page of intro section compulsory -->\n                        <\/div><\/div><\/div><\/div><\/div>","protected":false},"excerpt":{"rendered":"","protected":false},"author":1,"featured_media":0,"parent":0,"menu_order":0,"comment_status":"closed","ping_status":"closed","template":"","meta":[],"yoast_head":"<!-- This site is optimized with the Yoast SEO plugin v20.0 - https:\/\/yoast.com\/wordpress\/plugins\/seo\/ -->\n<title>Services - Pulverkraso\u0161ana<\/title>\n<meta name=\"robots\" content=\"index, follow, max-snippet:-1, max-image-preview:large, max-video-preview:-1\" \/>\n<link rel=\"canonical\" href=\"https:\/\/pulver-krasosana.lv\/pakalpojumi\/\" \/>\n<meta property=\"og:locale\" content=\"en_US\" \/>\n<meta property=\"og:type\" content=\"article\" \/>\n<meta property=\"og:title\" content=\"[:lv]Pakalpojumi[:ru]\u0423\u0441\u043b\u0443\u0433\u0438[:en]Services[:da]Services[:] - Pulverkraso\u0161ana\" \/>\n<meta property=\"og:url\" content=\"https:\/\/pulver-krasosana.lv\/pakalpojumi\/\" \/>\n<meta property=\"og:site_name\" content=\"Pulverkraso\u0161ana\" \/>\n<meta property=\"article:modified_time\" content=\"2022-04-13T09:20:40+00:00\" \/>\n<meta name=\"twitter:card\" content=\"summary_large_image\" \/>\n<script type=\"application\/ld+json\" class=\"yoast-schema-graph\">{\"@context\":\"https:\/\/schema.org\",\"@graph\":[{\"@type\":\"WebPage\",\"@id\":\"https:\/\/pulver-krasosana.lv\/pakalpojumi\/\",\"url\":\"https:\/\/pulver-krasosana.lv\/pakalpojumi\/\",\"name\":\"[:lv]Pakalpojumi[:ru]\u0423\u0441\u043b\u0443\u0433\u0438[:en]Services[:da]Services[:] - Pulverkraso\u0161ana\",\"isPartOf\":{\"@id\":\"https:\/\/pulver-krasosana.lv\/#website\"},\"datePublished\":\"2017-09-13T06:41:45+00:00\",\"dateModified\":\"2022-04-13T09:20:40+00:00\",\"breadcrumb\":{\"@id\":\"https:\/\/pulver-krasosana.lv\/pakalpojumi\/#breadcrumb\"},\"inLanguage\":\"en-US\",\"potentialAction\":[{\"@type\":\"ReadAction\",\"target\":[\"https:\/\/pulver-krasosana.lv\/pakalpojumi\/\"]}]},{\"@type\":\"BreadcrumbList\",\"@id\":\"https:\/\/pulver-krasosana.lv\/pakalpojumi\/#breadcrumb\",\"itemListElement\":[{\"@type\":\"ListItem\",\"position\":1,\"name\":\"Home\",\"item\":\"https:\/\/pulver-krasosana.lv\/\"},{\"@type\":\"ListItem\",\"position\":2,\"name\":\"Pakalpojumi\"}]},{\"@type\":\"WebSite\",\"@id\":\"https:\/\/pulver-krasosana.lv\/#website\",\"url\":\"https:\/\/pulver-krasosana.lv\/\",\"name\":\"Pulverkraso\u0161ana\",\"description\":\"www.pulver-krasosana.lv\",\"publisher\":{\"@id\":\"https:\/\/pulver-krasosana.lv\/#organization\"},\"potentialAction\":[{\"@type\":\"SearchAction\",\"target\":{\"@type\":\"EntryPoint\",\"urlTemplate\":\"https:\/\/pulver-krasosana.lv\/?s={search_term_string}\"},\"query-input\":\"required name=search_term_string\"}],\"inLanguage\":\"en-US\"},{\"@type\":\"Organization\",\"@id\":\"https:\/\/pulver-krasosana.lv\/#organization\",\"name\":\"Marko Met\u0101ls\",\"url\":\"https:\/\/pulver-krasosana.lv\/\",\"logo\":{\"@type\":\"ImageObject\",\"inLanguage\":\"en-US\",\"@id\":\"https:\/\/pulver-krasosana.lv\/#\/schema\/logo\/image\/\",\"url\":\"https:\/\/pulver-krasosana.lv\/wp-content\/uploads\/2022\/03\/cropped-android-chrome-256x256-1.png\",\"contentUrl\":\"https:\/\/pulver-krasosana.lv\/wp-content\/uploads\/2022\/03\/cropped-android-chrome-256x256-1.png\",\"width\":512,\"height\":512,\"caption\":\"Marko Met\u0101ls\"},\"image\":{\"@id\":\"https:\/\/pulver-krasosana.lv\/#\/schema\/logo\/image\/\"}}]}<\/script>\n<!-- \/ Yoast SEO plugin. -->","yoast_head_json":{"title":"[:lv]Pakalpojumi[:ru]\u0423\u0441\u043b\u0443\u0433\u0438[:en]Services[:da]Services[:] - Pulverkraso\u0161ana","robots":{"index":"index","follow":"follow","max-snippet":"max-snippet:-1","max-image-preview":"max-image-preview:large","max-video-preview":"max-video-preview:-1"},"canonical":"https:\/\/pulver-krasosana.lv\/pakalpojumi\/","og_locale":"en_US","og_type":"article","og_title":"[:lv]Pakalpojumi[:ru]\u0423\u0441\u043b\u0443\u0433\u0438[:en]Services[:da]Services[:] - Pulverkraso\u0161ana","og_url":"https:\/\/pulver-krasosana.lv\/pakalpojumi\/","og_site_name":"Pulverkraso\u0161ana","article_modified_time":"2022-04-13T09:20:40+00:00","twitter_card":"summary_large_image","schema":{"@context":"https:\/\/schema.org","@graph":[{"@type":"WebPage","@id":"https:\/\/pulver-krasosana.lv\/pakalpojumi\/","url":"https:\/\/pulver-krasosana.lv\/pakalpojumi\/","name":"[:lv]Pakalpojumi[:ru]\u0423\u0441\u043b\u0443\u0433\u0438[:en]Services[:da]Services[:] - Pulverkraso\u0161ana","isPartOf":{"@id":"https:\/\/pulver-krasosana.lv\/#website"},"datePublished":"2017-09-13T06:41:45+00:00","dateModified":"2022-04-13T09:20:40+00:00","breadcrumb":{"@id":"https:\/\/pulver-krasosana.lv\/pakalpojumi\/#breadcrumb"},"inLanguage":"en-US","potentialAction":[{"@type":"ReadAction","target":["https:\/\/pulver-krasosana.lv\/pakalpojumi\/"]}]},{"@type":"BreadcrumbList","@id":"https:\/\/pulver-krasosana.lv\/pakalpojumi\/#breadcrumb","itemListElement":[{"@type":"ListItem","position":1,"name":"Home","item":"https:\/\/pulver-krasosana.lv\/"},{"@type":"ListItem","position":2,"name":"Pakalpojumi"}]},{"@type":"WebSite","@id":"https:\/\/pulver-krasosana.lv\/#website","url":"https:\/\/pulver-krasosana.lv\/","name":"Pulverkraso\u0161ana","description":"www.pulver-krasosana.lv","publisher":{"@id":"https:\/\/pulver-krasosana.lv\/#organization"},"potentialAction":[{"@type":"SearchAction","target":{"@type":"EntryPoint","urlTemplate":"https:\/\/pulver-krasosana.lv\/?s={search_term_string}"},"query-input":"required name=search_term_string"}],"inLanguage":"en-US"},{"@type":"Organization","@id":"https:\/\/pulver-krasosana.lv\/#organization","name":"Marko Met\u0101ls","url":"https:\/\/pulver-krasosana.lv\/","logo":{"@type":"ImageObject","inLanguage":"en-US","@id":"https:\/\/pulver-krasosana.lv\/#\/schema\/logo\/image\/","url":"https:\/\/pulver-krasosana.lv\/wp-content\/uploads\/2022\/03\/cropped-android-chrome-256x256-1.png","contentUrl":"https:\/\/pulver-krasosana.lv\/wp-content\/uploads\/2022\/03\/cropped-android-chrome-256x256-1.png","width":512,"height":512,"caption":"Marko Met\u0101ls"},"image":{"@id":"https:\/\/pulver-krasosana.lv\/#\/schema\/logo\/image\/"}}]}},"_links":{"self":[{"href":"https:\/\/pulver-krasosana.lv\/en\/wp-json\/wp\/v2\/pages\/209"}],"collection":[{"href":"https:\/\/pulver-krasosana.lv\/en\/wp-json\/wp\/v2\/pages"}],"about":[{"href":"https:\/\/pulver-krasosana.lv\/en\/wp-json\/wp\/v2\/types\/page"}],"author":[{"embeddable":true,"href":"https:\/\/pulver-krasosana.lv\/en\/wp-json\/wp\/v2\/users\/1"}],"replies":[{"embeddable":true,"href":"https:\/\/pulver-krasosana.lv\/en\/wp-json\/wp\/v2\/comments?post=209"}],"version-history":[{"count":13,"href":"https:\/\/pulver-krasosana.lv\/en\/wp-json\/wp\/v2\/pages\/209\/revisions"}],"predecessor-version":[{"id":561,"href":"https:\/\/pulver-krasosana.lv\/en\/wp-json\/wp\/v2\/pages\/209\/revisions\/561"}],"wp:attachment":[{"href":"https:\/\/pulver-krasosana.lv\/en\/wp-json\/wp\/v2\/media?parent=209"}],"curies":[{"name":"wp","href":"https:\/\/api.w.org\/{rel}","templated":true}]}}